{"id":296,"date":"2023-05-23T20:43:35","date_gmt":"2023-05-23T20:43:35","guid":{"rendered":"https:\/\/canadevivallemexico.com\/home\/?page_id=296"},"modified":"2023-07-05T20:57:26","modified_gmt":"2023-07-05T20:57:26","slug":"compromiso-de-nuestros-socios","status":"publish","type":"page","link":"https:\/\/canadevivallemexico.com\/home\/compromiso-de-nuestros-socios\/","title":{"rendered":"Compromiso de nuestros socios"},"content":{"rendered":"\t\t<div data-elementor-type=\"wp-page\" data-elementor-id=\"296\" class=\"elementor elementor-296\" data-elementor-post-type=\"page\">\n\t\t\t\t\t\t<section class=\"elementor-section elementor-top-section elementor-element elementor-element-6236396e elementor-section-height-min-height elementor-section-boxed elementor-section-height-default elementor-section-items-middle\" data-id=\"6236396e\" data-element_type=\"section\" data-settings=\"{&quot;background_background&quot;:&quot;classic&quot;}\">\n\t\t\t\t\t\t<div class=\"elementor-container elementor-column-gap-default\">\n\t\t\t\t\t<div class=\"elementor-column elementor-col-100 elementor-top-column elementor-element elementor-element-5844cc6f\" data-id=\"5844cc6f\" data-element_type=\"column\">\n\t\t\t<div class=\"elementor-widget-wrap elementor-element-populated\">\n\t\t\t\t\t\t<div class=\"elementor-element elementor-element-5b729f3 elementor-widget elementor-widget-heading\" data-id=\"5b729f3\" data-element_type=\"widget\" data-widget_type=\"heading.default\">\n\t\t\t\t<div class=\"elementor-widget-container\">\n\t\t\t\t\t<h2 class=\"elementor-heading-title elementor-size-default\">Compromiso de nuestros socios<\/h2>\t\t\t\t<\/div>\n\t\t\t\t<\/div>\n\t\t\t\t\t<\/div>\n\t\t<\/div>\n\t\t\t\t\t<\/div>\n\t\t<\/section>\n\t\t\t\t<section class=\"elementor-section elementor-top-section elementor-element elementor-element-437f6998 elementor-section-boxed elementor-section-height-default elementor-section-height-default\" data-id=\"437f6998\" data-element_type=\"section\">\n\t\t\t\t\t\t<div class=\"elementor-container elementor-column-gap-default\">\n\t\t\t\t\t<div class=\"elementor-column elementor-col-100 elementor-top-column elementor-element elementor-element-6fd8a745\" data-id=\"6fd8a745\" data-element_type=\"column\">\n\t\t\t<div class=\"elementor-widget-wrap elementor-element-populated\">\n\t\t\t\t\t\t<section class=\"elementor-section elementor-inner-section elementor-element elementor-element-6cffa4f7 elementor-section-boxed elementor-section-height-default elementor-section-height-default\" data-id=\"6cffa4f7\" data-element_type=\"section\">\n\t\t\t\t\t\t<div class=\"elementor-container elementor-column-gap-default\">\n\t\t\t\t\t<div class=\"elementor-column elementor-col-50 elementor-inner-column elementor-element elementor-element-7c5ae120\" data-id=\"7c5ae120\" data-element_type=\"column\">\n\t\t\t<div class=\"elementor-widget-wrap elementor-element-populated\">\n\t\t\t\t\t\t<div class=\"elementor-element elementor-element-54f9bbcc elementor-widget elementor-widget-text-editor\" data-id=\"54f9bbcc\" data-element_type=\"widget\" data-widget_type=\"text-editor.default\">\n\t\t\t\t<div class=\"elementor-widget-container\">\n\t\t\t\t\t\t\t\t\t<p>Nuestros socios se comprometen a:<\/p><p>1. Cumplir con el pago anual de la cuota de afiliaci\u00f3n y las cuotas de recuperaci\u00f3n correspondientes a diversos eventos.<\/p><p>2. Asistir a las reuniones t\u00e9cnicas, donde podr\u00e1n exponer problem\u00e1ticas, emitir opiniones y propuestas en los Comit\u00e9s de Trabajo.<\/p><p>3. Designar a un representante de su empresa para participar activamente en los distintos Comit\u00e9s de trabajo que forman parte de la C\u00e1mara.<\/p><p>4. Asistir a los eventos organizados por Canadevi VM, incluyendo las reuniones plenarias y las asambleas.<\/p><p>5. Participar en talleres, cursos y capacitaciones sobre diversos temas, como las certificaciones con Infonavit o talleres sobre reformas fiscales, entre otros.<\/p><p>6. Participar en exposiciones de vivienda organizadas por el \u00e1rea de promoci\u00f3n y eventos de Canadevi VM.<\/p><p>7. Participar en los foros comerciales de vivienda con proveedores, organizados por el \u00e1rea de Relaciones P\u00fablicas.<\/p><p>8. Comprometerse a participar de manera activa en las actividades llevadas a cabo por Canadevi Valle de M\u00e9xico.<\/p><p>9. Compartir la informaci\u00f3n requerida por la C\u00e1mara para la realizaci\u00f3n de estudios y an\u00e1lisis pertinentes.<\/p><p>10. Mantener informado a Canadevi VM sobre cualquier cambio en la estructura interna de sus empresas, con el fin de mantener actualizada la base de datos.<\/p><p>Estos compromisos demuestran la colaboraci\u00f3n y participaci\u00f3n activa que se espera de nuestros socios, contribuyendo al desarrollo y fortalecimiento del sector de la vivienda.<\/p>\t\t\t\t\t\t\t\t<\/div>\n\t\t\t\t<\/div>\n\t\t\t\t\t<\/div>\n\t\t<\/div>\n\t\t\t\t<div class=\"elementor-column elementor-col-50 elementor-inner-column elementor-element elementor-element-148a63b2\" data-id=\"148a63b2\" data-element_type=\"column\">\n\t\t\t<div class=\"elementor-widget-wrap elementor-element-populated\">\n\t\t\t\t\t\t<div class=\"elementor-element elementor-element-449b9d45 elementor-widget elementor-widget-image\" data-id=\"449b9d45\" data-element_type=\"widget\" data-widget_type=\"image.default\">\n\t\t\t\t<div class=\"elementor-widget-container\">\n\t\t\t\t\t\t\t\t\t\t\t\t\t\t\t<img fetchpriority=\"high\" decoding=\"async\" width=\"800\" height=\"533\" src=\"https:\/\/canadevivallemexico.com\/home\/wp-content\/uploads\/2023\/05\/cuenta-corriente-con-socios-1024x682.webp\" class=\"attachment-large size-large wp-image-299\" alt=\"\" srcset=\"https:\/\/canadevivallemexico.com\/home\/wp-content\/uploads\/2023\/05\/cuenta-corriente-con-socios-1024x682.webp 1024w, https:\/\/canadevivallemexico.com\/home\/wp-content\/uploads\/2023\/05\/cuenta-corriente-con-socios-300x200.webp 300w, https:\/\/canadevivallemexico.com\/home\/wp-content\/uploads\/2023\/05\/cuenta-corriente-con-socios-768x512.webp 768w, https:\/\/canadevivallemexico.com\/home\/wp-content\/uploads\/2023\/05\/cuenta-corriente-con-socios.webp 1280w\" sizes=\"(max-width: 800px) 100vw, 800px\" \/>\t\t\t\t\t\t\t\t\t\t\t\t\t\t\t<\/div>\n\t\t\t\t<\/div>\n\t\t\t\t\t<\/div>\n\t\t<\/div>\n\t\t\t\t\t<\/div>\n\t\t<\/section>\n\t\t\t\t\t<\/div>\n\t\t<\/div>\n\t\t\t\t\t<\/div>\n\t\t<\/section>\n\t\t\t\t<section class=\"elementor-section elementor-top-section elementor-element elementor-element-7b74b38d elementor-section-height-min-height elementor-section-boxed elementor-section-height-default elementor-section-items-middle\" data-id=\"7b74b38d\" data-element_type=\"section\" data-settings=\"{&quot;background_background&quot;:&quot;classic&quot;}\">\n\t\t\t\t\t\t\t<div class=\"elementor-background-overlay\"><\/div>\n\t\t\t\t\t\t\t<div class=\"elementor-container elementor-column-gap-default\">\n\t\t\t\t\t<div class=\"elementor-column elementor-col-100 elementor-top-column elementor-element elementor-element-7c5dafe9\" data-id=\"7c5dafe9\" data-element_type=\"column\">\n\t\t\t<div class=\"elementor-widget-wrap elementor-element-populated\">\n\t\t\t\t\t\t<div class=\"elementor-element elementor-element-47874ee5 elementor-widget elementor-widget-heading\" data-id=\"47874ee5\" data-element_type=\"widget\" data-widget_type=\"heading.default\">\n\t\t\t\t<div class=\"elementor-widget-container\">\n\t\t\t\t\t<h4 class=\"elementor-heading-title elementor-size-default\">Para m\u00e1s informes o confirmaciones comun\u00edcate con nosotros<\/h4>\t\t\t\t<\/div>\n\t\t\t\t<\/div>\n\t\t\t\t<section class=\"elementor-section elementor-inner-section elementor-element elementor-element-635ec837 elementor-section-boxed elementor-section-height-default elementor-section-height-default\" data-id=\"635ec837\" data-element_type=\"section\">\n\t\t\t\t\t\t<div class=\"elementor-container elementor-column-gap-default\">\n\t\t\t\t\t<div class=\"elementor-column elementor-col-33 elementor-inner-column elementor-element elementor-element-25b43f17\" data-id=\"25b43f17\" data-element_type=\"column\">\n\t\t\t<div class=\"elementor-widget-wrap elementor-element-populated\">\n\t\t\t\t\t\t<div class=\"elementor-element elementor-element-5fabbba9 elementor-align-center elementor-widget elementor-widget-button\" data-id=\"5fabbba9\" data-element_type=\"widget\" data-widget_type=\"button.default\">\n\t\t\t\t<div class=\"elementor-widget-container\">\n\t\t\t\t\t\t\t\t\t<div class=\"elementor-button-wrapper\">\n\t\t\t\t\t<a class=\"elementor-button elementor-button-link elementor-size-sm\" href=\"https:\/\/wa.link\/mqyckv\" target=\"_blank\">\n\t\t\t\t\t\t<span class=\"elementor-button-content-wrapper\">\n\t\t\t\t\t\t<span class=\"elementor-button-icon\">\n\t\t\t\t<i aria-hidden=\"true\" class=\"fab fa-whatsapp\"><\/i>\t\t\t<\/span>\n\t\t\t\t\t\t\t\t\t<span class=\"elementor-button-text\">Enviar WhatsApp<\/span>\n\t\t\t\t\t<\/span>\n\t\t\t\t\t<\/a>\n\t\t\t\t<\/div>\n\t\t\t\t\t\t\t\t<\/div>\n\t\t\t\t<\/div>\n\t\t\t\t\t<\/div>\n\t\t<\/div>\n\t\t\t\t<div class=\"elementor-column elementor-col-33 elementor-inner-column elementor-element elementor-element-318fe5c4\" data-id=\"318fe5c4\" data-element_type=\"column\">\n\t\t\t<div class=\"elementor-widget-wrap elementor-element-populated\">\n\t\t\t\t\t\t<div class=\"elementor-element elementor-element-677bd27f elementor-align-center elementor-widget elementor-widget-button\" data-id=\"677bd27f\" data-element_type=\"widget\" data-widget_type=\"button.default\">\n\t\t\t\t<div class=\"elementor-widget-container\">\n\t\t\t\t\t\t\t\t\t<div class=\"elementor-button-wrapper\">\n\t\t\t\t\t<a class=\"elementor-button elementor-button-link elementor-size-sm\" href=\"tel:+52%2055%205545%201502\" target=\"_blank\">\n\t\t\t\t\t\t<span class=\"elementor-button-content-wrapper\">\n\t\t\t\t\t\t<span class=\"elementor-button-icon\">\n\t\t\t\t<i aria-hidden=\"true\" class=\"fas fa-phone-alt\"><\/i>\t\t\t<\/span>\n\t\t\t\t\t\t\t\t\t<span class=\"elementor-button-text\">Llamar Ahora<\/span>\n\t\t\t\t\t<\/span>\n\t\t\t\t\t<\/a>\n\t\t\t\t<\/div>\n\t\t\t\t\t\t\t\t<\/div>\n\t\t\t\t<\/div>\n\t\t\t\t\t<\/div>\n\t\t<\/div>\n\t\t\t\t<div class=\"elementor-column elementor-col-33 elementor-inner-column elementor-element elementor-element-70119d4d\" data-id=\"70119d4d\" data-element_type=\"column\">\n\t\t\t<div class=\"elementor-widget-wrap elementor-element-populated\">\n\t\t\t\t\t\t<div class=\"elementor-element elementor-element-29a221ec elementor-align-center elementor-widget elementor-widget-button\" data-id=\"29a221ec\" data-element_type=\"widget\" data-widget_type=\"button.default\">\n\t\t\t\t<div class=\"elementor-widget-container\">\n\t\t\t\t\t\t\t\t\t<div class=\"elementor-button-wrapper\">\n\t\t\t\t\t<a class=\"elementor-button elementor-button-link elementor-size-sm\" href=\"mailto:sellocalidad@canadevivallemexico.com\" target=\"_blank\">\n\t\t\t\t\t\t<span class=\"elementor-button-content-wrapper\">\n\t\t\t\t\t\t<span class=\"elementor-button-icon\">\n\t\t\t\t<i aria-hidden=\"true\" class=\"fas fa-mail-bulk\"><\/i>\t\t\t<\/span>\n\t\t\t\t\t\t\t\t\t<span class=\"elementor-button-text\">Enviar Correo El\u00e9ctronico<\/span>\n\t\t\t\t\t<\/span>\n\t\t\t\t\t<\/a>\n\t\t\t\t<\/div>\n\t\t\t\t\t\t\t\t<\/div>\n\t\t\t\t<\/div>\n\t\t\t\t\t<\/div>\n\t\t<\/div>\n\t\t\t\t\t<\/div>\n\t\t<\/section>\n\t\t\t\t<div class=\"elementor-element elementor-element-25cfef7c elementor-widget elementor-widget-heading\" data-id=\"25cfef7c\" data-element_type=\"widget\" data-widget_type=\"heading.default\">\n\t\t\t\t<div class=\"elementor-widget-container\">\n\t\t\t\t\t<h4 class=\"elementor-heading-title elementor-size-default\">Atractivos paquetes para todas las empresas<\/h4>\t\t\t\t<\/div>\n\t\t\t\t<\/div>\n\t\t\t\t\t<\/div>\n\t\t<\/div>\n\t\t\t\t\t<\/div>\n\t\t<\/section>\n\t\t\t\t<\/div>\n\t\t","protected":false},"excerpt":{"rendered":"<p>Nuestros socios se comprometen a: 1. Cumplir con el pago anual de la cuota de afiliaci\u00f3n y las cuotas de recuperaci\u00f3n correspondientes a diversos eventos. 2. Asistir a las reuniones t\u00e9cnicas, donde podr\u00e1n exponer problem\u00e1ticas, emitir opiniones y propuestas en los Comit\u00e9s de Trabajo. 3. Designar a un representante de su empresa para participar activamente [&hellip;]<\/p>\n","protected":false},"author":1,"featured_media":0,"parent":0,"menu_order":0,"comment_status":"closed","ping_status":"closed","template":"elementor_header_footer","meta":{"_joinchat":[],"footnotes":""},"class_list":["post-296","page","type-page","status-publish","hentry"],"_links":{"self":[{"href":"https:\/\/canadevivallemexico.com\/home\/wp-json\/wp\/v2\/pages\/296","targetHints":{"allow":["GET"]}}],"collection":[{"href":"https:\/\/canadevivallemexico.com\/home\/wp-json\/wp\/v2\/pages"}],"about":[{"href":"https:\/\/canadevivallemexico.com\/home\/wp-json\/wp\/v2\/types\/page"}],"author":[{"embeddable":true,"href":"https:\/\/canadevivallemexico.com\/home\/wp-json\/wp\/v2\/users\/1"}],"replies":[{"embeddable":true,"href":"https:\/\/canadevivallemexico.com\/home\/wp-json\/wp\/v2\/comments?post=296"}],"version-history":[{"count":10,"href":"https:\/\/canadevivallemexico.com\/home\/wp-json\/wp\/v2\/pages\/296\/revisions"}],"predecessor-version":[{"id":534,"href":"https:\/\/canadevivallemexico.com\/home\/wp-json\/wp\/v2\/pages\/296\/revisions\/534"}],"wp:attachment":[{"href":"https:\/\/canadevivallemexico.com\/home\/wp-json\/wp\/v2\/media?parent=296"}],"curies":[{"name":"wp","href":"https:\/\/api.w.org\/{rel}","templated":true}]}}