{"id":246,"date":"2023-05-23T19:29:45","date_gmt":"2023-05-23T19:29:45","guid":{"rendered":"https:\/\/canadevivallemexico.com\/home\/?page_id=246"},"modified":"2023-07-05T20:54:10","modified_gmt":"2023-07-05T20:54:10","slug":"servicios","status":"publish","type":"page","link":"https:\/\/canadevivallemexico.com\/home\/servicios\/","title":{"rendered":"Servicios"},"content":{"rendered":"\t\t<div data-elementor-type=\"wp-page\" data-elementor-id=\"246\" class=\"elementor elementor-246\" data-elementor-post-type=\"page\">\n\t\t\t\t\t\t<section class=\"elementor-section elementor-top-section elementor-element elementor-element-6ade3ca elementor-section-height-min-height elementor-section-boxed elementor-section-height-default elementor-section-items-middle\" data-id=\"6ade3ca\" data-element_type=\"section\" data-settings=\"{&quot;background_background&quot;:&quot;classic&quot;}\">\n\t\t\t\t\t\t<div class=\"elementor-container elementor-column-gap-default\">\n\t\t\t\t\t<div class=\"elementor-column elementor-col-100 elementor-top-column elementor-element elementor-element-53630099\" data-id=\"53630099\" data-element_type=\"column\">\n\t\t\t<div class=\"elementor-widget-wrap elementor-element-populated\">\n\t\t\t\t\t\t<div class=\"elementor-element elementor-element-5f53141a elementor-widget elementor-widget-heading\" data-id=\"5f53141a\" data-element_type=\"widget\" data-widget_type=\"heading.default\">\n\t\t\t\t<div class=\"elementor-widget-container\">\n\t\t\t\t\t<h2 class=\"elementor-heading-title elementor-size-default\">Servicios<\/h2>\t\t\t\t<\/div>\n\t\t\t\t<\/div>\n\t\t\t\t\t<\/div>\n\t\t<\/div>\n\t\t\t\t\t<\/div>\n\t\t<\/section>\n\t\t\t\t<section class=\"elementor-section elementor-top-section elementor-element elementor-element-3bd8eaa5 elementor-section-boxed elementor-section-height-default elementor-section-height-default\" data-id=\"3bd8eaa5\" data-element_type=\"section\">\n\t\t\t\t\t\t<div class=\"elementor-container elementor-column-gap-default\">\n\t\t\t\t\t<div class=\"elementor-column elementor-col-100 elementor-top-column elementor-element elementor-element-419a8a28\" data-id=\"419a8a28\" data-element_type=\"column\">\n\t\t\t<div class=\"elementor-widget-wrap elementor-element-populated\">\n\t\t\t\t\t\t<section class=\"elementor-section elementor-inner-section elementor-element elementor-element-acba74e elementor-section-boxed elementor-section-height-default elementor-section-height-default\" data-id=\"acba74e\" data-element_type=\"section\">\n\t\t\t\t\t\t<div class=\"elementor-container elementor-column-gap-default\">\n\t\t\t\t\t<div class=\"elementor-column elementor-col-50 elementor-inner-column elementor-element elementor-element-48397ebf\" data-id=\"48397ebf\" data-element_type=\"column\">\n\t\t\t<div class=\"elementor-widget-wrap elementor-element-populated\">\n\t\t\t\t\t\t<div class=\"elementor-element elementor-element-547fb0e1 elementor-widget elementor-widget-text-editor\" data-id=\"547fb0e1\" data-element_type=\"widget\" data-widget_type=\"text-editor.default\">\n\t\t\t\t<div class=\"elementor-widget-container\">\n\t\t\t\t\t\t\t\t\t<p>Ser socio de Canadevi VM ofrece una serie de beneficios para las empresas que desean ejercer su profesi\u00f3n en el sector de la vivienda. Canadevi VM brinda representatividad gremial, facilita el desarrollo de redes de contactos, garantiza certeza jur\u00eddica, t\u00e9cnica, financiera y comercial.<\/p><p>Dentro de CANADEVI Valle de M\u00e9xico, uno de los principales objetivos es fortalecer el sector de la vivienda, y para lograrlo, ofrecemos una variedad de servicios que incluyen:<\/p><p>&#8211; Reuniones plenarias y operativas para promover la interacci\u00f3n y el intercambio de ideas.<br \/>&#8211; Intermediaci\u00f3n, seguimiento y cabildeo con el Gobierno y las dependencias de la Ciudad de M\u00e9xico y el Estado de M\u00e9xico.<br \/>&#8211; Mesas de trabajo lideradas por comit\u00e9s especializados en \u00e1reas pol\u00edticas, financieras, comerciales, de abastecimiento y compras.<br \/>&#8211; Capacitaciones a nivel ejecutivo y operativo para mejorar las habilidades y conocimientos de los profesionales del sector.<br \/>&#8211; Somos un organismo certificador del Est\u00e1ndar de Competencia del INFONAVIT, lo que garantiza la calidad y el cumplimiento de est\u00e1ndares en la industria.<br \/>&#8211; Proporcionamos informaci\u00f3n relevante sobre el sector de la vivienda y construcci\u00f3n, as\u00ed como datos financieros.<br \/>&#8211; Facilitamos la interacci\u00f3n con proveedores y \u00e1reas de compras a trav\u00e9s del evento Foro Comercial.<br \/>&#8211; Organizamos exposiciones de viviendas para promover las ofertas de vivienda de nuestros afiliados.<br \/>&#8211; Establecemos alianzas estrat\u00e9gicas con organismos y dependencias clave del sector.<br \/>&#8211; Proporcionamos informaci\u00f3n actualizada sobre indicadores econ\u00f3micos, pol\u00edticos y sociales relacionados con la vivienda.<br \/>&#8211; Somos un referente importante en el sector de la vivienda.<\/p><p>En resumen, ser parte de Canadevi VM brinda a las empresas la oportunidad de formar parte de una red gremial s\u00f3lida, acceder a recursos y servicios especializados, y contar con el respaldo y la representatividad necesarios para desarrollarse profesionalmente en el sector de la vivienda.<\/p>\t\t\t\t\t\t\t\t<\/div>\n\t\t\t\t<\/div>\n\t\t\t\t\t<\/div>\n\t\t<\/div>\n\t\t\t\t<div class=\"elementor-column elementor-col-50 elementor-inner-column elementor-element elementor-element-71971415\" data-id=\"71971415\" data-element_type=\"column\">\n\t\t\t<div class=\"elementor-widget-wrap elementor-element-populated\">\n\t\t\t\t\t\t<div class=\"elementor-element elementor-element-188f6402 elementor-widget elementor-widget-image\" data-id=\"188f6402\" data-element_type=\"widget\" data-widget_type=\"image.default\">\n\t\t\t\t<div class=\"elementor-widget-container\">\n\t\t\t\t\t\t\t\t\t\t\t\t\t\t\t<img fetchpriority=\"high\" decoding=\"async\" width=\"1080\" height=\"1920\" src=\"https:\/\/canadevivallemexico.com\/home\/wp-content\/uploads\/2023\/05\/servicios.png\" class=\"attachment-full size-full wp-image-249\" alt=\"\" srcset=\"https:\/\/canadevivallemexico.com\/home\/wp-content\/uploads\/2023\/05\/servicios.png 1080w, https:\/\/canadevivallemexico.com\/home\/wp-content\/uploads\/2023\/05\/servicios-169x300.png 169w, https:\/\/canadevivallemexico.com\/home\/wp-content\/uploads\/2023\/05\/servicios-576x1024.png 576w, https:\/\/canadevivallemexico.com\/home\/wp-content\/uploads\/2023\/05\/servicios-768x1365.png 768w, https:\/\/canadevivallemexico.com\/home\/wp-content\/uploads\/2023\/05\/servicios-864x1536.png 864w\" sizes=\"(max-width: 1080px) 100vw, 1080px\" \/>\t\t\t\t\t\t\t\t\t\t\t\t\t\t\t<\/div>\n\t\t\t\t<\/div>\n\t\t\t\t\t<\/div>\n\t\t<\/div>\n\t\t\t\t\t<\/div>\n\t\t<\/section>\n\t\t\t\t\t<\/div>\n\t\t<\/div>\n\t\t\t\t\t<\/div>\n\t\t<\/section>\n\t\t\t\t<section class=\"elementor-section elementor-top-section elementor-element elementor-element-1ec59d8a elementor-section-height-min-height elementor-section-boxed elementor-section-height-default elementor-section-items-middle\" data-id=\"1ec59d8a\" data-element_type=\"section\" data-settings=\"{&quot;background_background&quot;:&quot;classic&quot;}\">\n\t\t\t\t\t\t\t<div class=\"elementor-background-overlay\"><\/div>\n\t\t\t\t\t\t\t<div class=\"elementor-container elementor-column-gap-default\">\n\t\t\t\t\t<div class=\"elementor-column elementor-col-100 elementor-top-column elementor-element elementor-element-3181f54f\" data-id=\"3181f54f\" data-element_type=\"column\">\n\t\t\t<div class=\"elementor-widget-wrap elementor-element-populated\">\n\t\t\t\t\t\t<div class=\"elementor-element elementor-element-6e2e4695 elementor-widget elementor-widget-heading\" data-id=\"6e2e4695\" data-element_type=\"widget\" data-widget_type=\"heading.default\">\n\t\t\t\t<div class=\"elementor-widget-container\">\n\t\t\t\t\t<h4 class=\"elementor-heading-title elementor-size-default\">Para m\u00e1s informes o confirmaciones comun\u00edcate con nosotros<\/h4>\t\t\t\t<\/div>\n\t\t\t\t<\/div>\n\t\t\t\t<section class=\"elementor-section elementor-inner-section elementor-element elementor-element-3c0e1c8b elementor-section-boxed elementor-section-height-default elementor-section-height-default\" data-id=\"3c0e1c8b\" data-element_type=\"section\">\n\t\t\t\t\t\t<div class=\"elementor-container elementor-column-gap-default\">\n\t\t\t\t\t<div class=\"elementor-column elementor-col-33 elementor-inner-column elementor-element elementor-element-299ea8a0\" data-id=\"299ea8a0\" data-element_type=\"column\">\n\t\t\t<div class=\"elementor-widget-wrap elementor-element-populated\">\n\t\t\t\t\t\t<div class=\"elementor-element elementor-element-295f8b8e elementor-align-center elementor-widget elementor-widget-button\" data-id=\"295f8b8e\" data-element_type=\"widget\" data-widget_type=\"button.default\">\n\t\t\t\t<div class=\"elementor-widget-container\">\n\t\t\t\t\t\t\t\t\t<div class=\"elementor-button-wrapper\">\n\t\t\t\t\t<a class=\"elementor-button elementor-button-link elementor-size-sm\" href=\"https:\/\/wa.link\/mqyckv\" target=\"_blank\">\n\t\t\t\t\t\t<span class=\"elementor-button-content-wrapper\">\n\t\t\t\t\t\t<span class=\"elementor-button-icon\">\n\t\t\t\t<i aria-hidden=\"true\" class=\"fab fa-whatsapp\"><\/i>\t\t\t<\/span>\n\t\t\t\t\t\t\t\t\t<span class=\"elementor-button-text\">Enviar WhatsApp<\/span>\n\t\t\t\t\t<\/span>\n\t\t\t\t\t<\/a>\n\t\t\t\t<\/div>\n\t\t\t\t\t\t\t\t<\/div>\n\t\t\t\t<\/div>\n\t\t\t\t\t<\/div>\n\t\t<\/div>\n\t\t\t\t<div class=\"elementor-column elementor-col-33 elementor-inner-column elementor-element elementor-element-6e0454b2\" data-id=\"6e0454b2\" data-element_type=\"column\">\n\t\t\t<div class=\"elementor-widget-wrap elementor-element-populated\">\n\t\t\t\t\t\t<div class=\"elementor-element elementor-element-1b2f4742 elementor-align-center elementor-widget elementor-widget-button\" data-id=\"1b2f4742\" data-element_type=\"widget\" data-widget_type=\"button.default\">\n\t\t\t\t<div class=\"elementor-widget-container\">\n\t\t\t\t\t\t\t\t\t<div class=\"elementor-button-wrapper\">\n\t\t\t\t\t<a class=\"elementor-button elementor-button-link elementor-size-sm\" href=\"tel:+52%2055%205545%201502\" target=\"_blank\">\n\t\t\t\t\t\t<span class=\"elementor-button-content-wrapper\">\n\t\t\t\t\t\t<span class=\"elementor-button-icon\">\n\t\t\t\t<i aria-hidden=\"true\" class=\"fas fa-phone-alt\"><\/i>\t\t\t<\/span>\n\t\t\t\t\t\t\t\t\t<span class=\"elementor-button-text\">Llamar Ahora<\/span>\n\t\t\t\t\t<\/span>\n\t\t\t\t\t<\/a>\n\t\t\t\t<\/div>\n\t\t\t\t\t\t\t\t<\/div>\n\t\t\t\t<\/div>\n\t\t\t\t\t<\/div>\n\t\t<\/div>\n\t\t\t\t<div class=\"elementor-column elementor-col-33 elementor-inner-column elementor-element elementor-element-f6f955f\" data-id=\"f6f955f\" data-element_type=\"column\">\n\t\t\t<div class=\"elementor-widget-wrap elementor-element-populated\">\n\t\t\t\t\t\t<div class=\"elementor-element elementor-element-2856f8e elementor-align-center elementor-widget elementor-widget-button\" data-id=\"2856f8e\" data-element_type=\"widget\" data-widget_type=\"button.default\">\n\t\t\t\t<div class=\"elementor-widget-container\">\n\t\t\t\t\t\t\t\t\t<div class=\"elementor-button-wrapper\">\n\t\t\t\t\t<a class=\"elementor-button elementor-button-link elementor-size-sm\" href=\"mailto:sellocalidad@canadevivallemexico.com\" target=\"_blank\">\n\t\t\t\t\t\t<span class=\"elementor-button-content-wrapper\">\n\t\t\t\t\t\t<span class=\"elementor-button-icon\">\n\t\t\t\t<i aria-hidden=\"true\" class=\"fas fa-mail-bulk\"><\/i>\t\t\t<\/span>\n\t\t\t\t\t\t\t\t\t<span class=\"elementor-button-text\">Enviar Correo El\u00e9ctronico<\/span>\n\t\t\t\t\t<\/span>\n\t\t\t\t\t<\/a>\n\t\t\t\t<\/div>\n\t\t\t\t\t\t\t\t<\/div>\n\t\t\t\t<\/div>\n\t\t\t\t\t<\/div>\n\t\t<\/div>\n\t\t\t\t\t<\/div>\n\t\t<\/section>\n\t\t\t\t<div class=\"elementor-element elementor-element-6dcf1caf elementor-widget elementor-widget-heading\" data-id=\"6dcf1caf\" data-element_type=\"widget\" data-widget_type=\"heading.default\">\n\t\t\t\t<div class=\"elementor-widget-container\">\n\t\t\t\t\t<h4 class=\"elementor-heading-title elementor-size-default\">Atractivos paquetes para todas las empresas<\/h4>\t\t\t\t<\/div>\n\t\t\t\t<\/div>\n\t\t\t\t\t<\/div>\n\t\t<\/div>\n\t\t\t\t\t<\/div>\n\t\t<\/section>\n\t\t\t\t<\/div>\n\t\t","protected":false},"excerpt":{"rendered":"<p>Ser socio de Canadevi VM ofrece una serie de beneficios para las empresas que desean ejercer su profesi\u00f3n en el sector de la vivienda. Canadevi VM brinda representatividad gremial, facilita el desarrollo de redes de contactos, garantiza certeza jur\u00eddica, t\u00e9cnica, financiera y comercial. Dentro de CANADEVI Valle de M\u00e9xico, uno de los principales objetivos es [&hellip;]<\/p>\n","protected":false},"author":1,"featured_media":0,"parent":0,"menu_order":0,"comment_status":"closed","ping_status":"closed","template":"elementor_header_footer","meta":{"_joinchat":[],"footnotes":""},"class_list":["post-246","page","type-page","status-publish","hentry"],"_links":{"self":[{"href":"https:\/\/canadevivallemexico.com\/home\/wp-json\/wp\/v2\/pages\/246","targetHints":{"allow":["GET"]}}],"collection":[{"href":"https:\/\/canadevivallemexico.com\/home\/wp-json\/wp\/v2\/pages"}],"about":[{"href":"https:\/\/canadevivallemexico.com\/home\/wp-json\/wp\/v2\/types\/page"}],"author":[{"embeddable":true,"href":"https:\/\/canadevivallemexico.com\/home\/wp-json\/wp\/v2\/users\/1"}],"replies":[{"embeddable":true,"href":"https:\/\/canadevivallemexico.com\/home\/wp-json\/wp\/v2\/comments?post=246"}],"version-history":[{"count":10,"href":"https:\/\/canadevivallemexico.com\/home\/wp-json\/wp\/v2\/pages\/246\/revisions"}],"predecessor-version":[{"id":510,"href":"https:\/\/canadevivallemexico.com\/home\/wp-json\/wp\/v2\/pages\/246\/revisions\/510"}],"wp:attachment":[{"href":"https:\/\/canadevivallemexico.com\/home\/wp-json\/wp\/v2\/media?parent=246"}],"curies":[{"name":"wp","href":"https:\/\/api.w.org\/{rel}","templated":true}]}}